{"id":1180,"date":"2023-04-03T00:36:27","date_gmt":"2023-04-03T00:36:27","guid":{"rendered":"https:\/\/www23.restaurantelafontana.es\/?page_id=1180"},"modified":"2023-09-21T18:03:38","modified_gmt":"2023-09-21T18:03:38","slug":"work","status":"publish","type":"page","link":"https:\/\/www.restaurantelafontana.es\/fr\/work\/","title":{"rendered":"Travaille avec nous"},"content":{"rendered":"\n<p>Au Restaurant La Fontana, nous souhaitons offrir \u00e0 tout moment la meilleure exp\u00e9rience \u00e0 nos clients. Pour y parvenir, nous avons besoin d\u2019une \u00e9quipe solide, compos\u00e9e de personnes engag\u00e9es et pr\u00eates \u00e0 donner le meilleur d\u2019elles-m\u00eames.<\/p>\n\n\n\n<p>Si vous consid\u00e9rez que vous pouvez rejoindre notre \u00e9quipe, dans l'un des groupes (cuisine, bar, serveur, etc.), laissez-nous vos coordonn\u00e9es afin que nous puissions vous prendre en compte lors des futures s\u00e9lections de personnel.<\/p>\n\n\n\n<p>Il est important que vous nous parliez de vos comp\u00e9tences, de votre caract\u00e8re et de votre exp\u00e9rience dans le secteur de l'h\u00f4tellerie.<\/p>\n\n\n\n<p>Pour nous envoyer votre CV, envoyez-nous un email \u00e0 l'adresse emploi @ restauralafontana.es<\/p>\n","protected":false},"excerpt":{"rendered":"<p>Au Restaurant La Fontana, nous souhaitons offrir \u00e0 tout moment la meilleure exp\u00e9rience \u00e0 nos clients. Pour y parvenir, nous avons besoin d\u2019une \u00e9quipe solide, compos\u00e9e de personnes engag\u00e9es et pr\u00eates \u00e0 donner le meilleur d\u2019elles-m\u00eames. Si vous consid\u00e9rez que vous pouvez rejoindre notre \u00e9quipe, dans l'un des groupes (cuisine, bar, serveur, etc.), laissez-nous vos [&hellip;]<\/p>\n","protected":false},"author":1,"featured_media":0,"parent":0,"menu_order":0,"comment_status":"closed","ping_status":"closed","template":"","meta":{"footnotes":""},"class_list":["post-1180","page","type-page","status-publish","hentry"],"acf":[],"yoast_head":"<!-- This site is optimized with the Yoast SEO plugin v25.9 - https:\/\/yoast.com\/wordpress\/plugins\/seo\/ -->\n<title>Travaille avec nous - Restaurante La Fontana en J\u00e1vea<\/title>\n<meta name=\"robots\" content=\"index, follow, max-snippet:-1, max-image-preview:large, max-video-preview:-1\" \/>\n<link rel=\"canonical\" href=\"https:\/\/www.restaurantelafontana.es\/work\/\" \/>\n<meta property=\"og:locale\" content=\"fr_FR\" \/>\n<meta property=\"og:type\" content=\"article\" \/>\n<meta property=\"og:title\" content=\"Travaille avec nous - Restaurante La Fontana en J\u00e1vea\" \/>\n<meta property=\"og:description\" content=\"Au Restaurant La Fontana, nous souhaitons offrir \u00e0 tout moment la meilleure exp\u00e9rience \u00e0 nos clients. Pour y parvenir, nous avons besoin d\u2019une \u00e9quipe solide, compos\u00e9e de personnes engag\u00e9es et pr\u00eates \u00e0 donner le meilleur d\u2019elles-m\u00eames. Si vous consid\u00e9rez que vous pouvez rejoindre notre \u00e9quipe, dans l&#039;un des groupes (cuisine, bar, serveur, etc.), laissez-nous vos [&hellip;]\" \/>\n<meta property=\"og:url\" content=\"https:\/\/www.restaurantelafontana.es\/work\/\" \/>\n<meta property=\"og:site_name\" content=\"Restaurante La Fontana en J\u00e1vea\" \/>\n<meta property=\"article:modified_time\" content=\"2023-09-21T18:03:38+00:00\" \/>\n<meta name=\"twitter:card\" content=\"summary_large_image\" \/>\n<meta name=\"twitter:label1\" content=\"Dur\u00e9e de lecture estim\u00e9e\" \/>\n\t<meta name=\"twitter:data1\" content=\"1 minute\" \/>\n<script type=\"application\/ld+json\" class=\"yoast-schema-graph\">{\"@context\":\"https:\/\/schema.org\",\"@graph\":[{\"@type\":\"WebPage\",\"@id\":\"https:\/\/www.restaurantelafontana.es\/work\/\",\"url\":\"https:\/\/www.restaurantelafontana.es\/work\/\",\"name\":\"Travaille avec nous - Restaurante La Fontana en J\u00e1vea\",\"isPartOf\":{\"@id\":\"https:\/\/www.restaurantelafontana.es\/#website\"},\"datePublished\":\"2023-04-03T00:36:27+00:00\",\"dateModified\":\"2023-09-21T18:03:38+00:00\",\"breadcrumb\":{\"@id\":\"https:\/\/www.restaurantelafontana.es\/work\/#breadcrumb\"},\"inLanguage\":\"fr-FR\",\"potentialAction\":[{\"@type\":\"ReadAction\",\"target\":[\"https:\/\/www.restaurantelafontana.es\/work\/\"]}]},{\"@type\":\"BreadcrumbList\",\"@id\":\"https:\/\/www.restaurantelafontana.es\/work\/#breadcrumb\",\"itemListElement\":[{\"@type\":\"ListItem\",\"position\":1,\"name\":\"Portada\",\"item\":\"https:\/\/www.restaurantelafontana.es\/\"},{\"@type\":\"ListItem\",\"position\":2,\"name\":\"Travaille avec nous\"}]},{\"@type\":\"WebSite\",\"@id\":\"https:\/\/www.restaurantelafontana.es\/#website\",\"url\":\"https:\/\/www.restaurantelafontana.es\/\",\"name\":\"Restaurante La Fontana en J\u00e1vea\",\"description\":\"Especialidad en Paella, fideu\u00e0 y platos valencianos\",\"potentialAction\":[{\"@type\":\"SearchAction\",\"target\":{\"@type\":\"EntryPoint\",\"urlTemplate\":\"https:\/\/www.restaurantelafontana.es\/?s={search_term_string}\"},\"query-input\":{\"@type\":\"PropertyValueSpecification\",\"valueRequired\":true,\"valueName\":\"search_term_string\"}}],\"inLanguage\":\"fr-FR\"}]}<\/script>\n<!-- \/ Yoast SEO plugin. -->","yoast_head_json":{"title":"Travaille avec nous - Restaurante La Fontana en J\u00e1vea","robots":{"index":"index","follow":"follow","max-snippet":"max-snippet:-1","max-image-preview":"max-image-preview:large","max-video-preview":"max-video-preview:-1"},"canonical":"https:\/\/www.restaurantelafontana.es\/work\/","og_locale":"fr_FR","og_type":"article","og_title":"Travaille avec nous - Restaurante La Fontana en J\u00e1vea","og_description":"Au Restaurant La Fontana, nous souhaitons offrir \u00e0 tout moment la meilleure exp\u00e9rience \u00e0 nos clients. Pour y parvenir, nous avons besoin d\u2019une \u00e9quipe solide, compos\u00e9e de personnes engag\u00e9es et pr\u00eates \u00e0 donner le meilleur d\u2019elles-m\u00eames. Si vous consid\u00e9rez que vous pouvez rejoindre notre \u00e9quipe, dans l'un des groupes (cuisine, bar, serveur, etc.), laissez-nous vos [&hellip;]","og_url":"https:\/\/www.restaurantelafontana.es\/work\/","og_site_name":"Restaurante La Fontana en J\u00e1vea","article_modified_time":"2023-09-21T18:03:38+00:00","twitter_card":"summary_large_image","twitter_misc":{"Dur\u00e9e de lecture estim\u00e9e":"1 minute"},"schema":{"@context":"https:\/\/schema.org","@graph":[{"@type":"WebPage","@id":"https:\/\/www.restaurantelafontana.es\/work\/","url":"https:\/\/www.restaurantelafontana.es\/work\/","name":"Travaille avec nous - Restaurante La Fontana en J\u00e1vea","isPartOf":{"@id":"https:\/\/www.restaurantelafontana.es\/#website"},"datePublished":"2023-04-03T00:36:27+00:00","dateModified":"2023-09-21T18:03:38+00:00","breadcrumb":{"@id":"https:\/\/www.restaurantelafontana.es\/work\/#breadcrumb"},"inLanguage":"fr-FR","potentialAction":[{"@type":"ReadAction","target":["https:\/\/www.restaurantelafontana.es\/work\/"]}]},{"@type":"BreadcrumbList","@id":"https:\/\/www.restaurantelafontana.es\/work\/#breadcrumb","itemListElement":[{"@type":"ListItem","position":1,"name":"Portada","item":"https:\/\/www.restaurantelafontana.es\/"},{"@type":"ListItem","position":2,"name":"Travaille avec nous"}]},{"@type":"WebSite","@id":"https:\/\/www.restaurantelafontana.es\/#website","url":"https:\/\/www.restaurantelafontana.es\/","name":"Restaurante La Fontana en J\u00e1vea","description":"Especialidad en Paella, fideu\u00e0 y platos valencianos","potentialAction":[{"@type":"SearchAction","target":{"@type":"EntryPoint","urlTemplate":"https:\/\/www.restaurantelafontana.es\/?s={search_term_string}"},"query-input":{"@type":"PropertyValueSpecification","valueRequired":true,"valueName":"search_term_string"}}],"inLanguage":"fr-FR"}]}},"_links":{"self":[{"href":"https:\/\/www.restaurantelafontana.es\/fr\/wp-json\/wp\/v2\/pages\/1180","targetHints":{"allow":["GET"]}}],"collection":[{"href":"https:\/\/www.restaurantelafontana.es\/fr\/wp-json\/wp\/v2\/pages"}],"about":[{"href":"https:\/\/www.restaurantelafontana.es\/fr\/wp-json\/wp\/v2\/types\/page"}],"author":[{"embeddable":true,"href":"https:\/\/www.restaurantelafontana.es\/fr\/wp-json\/wp\/v2\/users\/1"}],"replies":[{"embeddable":true,"href":"https:\/\/www.restaurantelafontana.es\/fr\/wp-json\/wp\/v2\/comments?post=1180"}],"version-history":[{"count":3,"href":"https:\/\/www.restaurantelafontana.es\/fr\/wp-json\/wp\/v2\/pages\/1180\/revisions"}],"predecessor-version":[{"id":1184,"href":"https:\/\/www.restaurantelafontana.es\/fr\/wp-json\/wp\/v2\/pages\/1180\/revisions\/1184"}],"wp:attachment":[{"href":"https:\/\/www.restaurantelafontana.es\/fr\/wp-json\/wp\/v2\/media?parent=1180"}],"curies":[{"name":"wp","href":"https:\/\/api.w.org\/{rel}","templated":true}]}}