{"id":2846,"date":"2023-04-03T00:36:27","date_gmt":"2023-04-03T00:36:27","guid":{"rendered":"https:\/\/www.restaurantelafontana.es\/work\/"},"modified":"2023-04-03T00:36:27","modified_gmt":"2023-04-03T00:36:27","slug":"work","status":"publish","type":"page","link":"https:\/\/www.restaurantelafontana.es\/nl\/work\/","title":{"rendered":"Trabaja con nosotros"},"content":{"rendered":"\n<p>En el Restaurante La Fontana queremos ofrecer la mejor experiencia a nuestros clientes en todo momento. Para lograrlo, necesitamos un equipo s\u00f3lido de personas comprometidas que est\u00e9n dispuestas a dar lo mejor de s\u00ed mismas.<\/p>\n\n\n\n<p>Si consideras que puedes integrarte en nuestro equipo, en cualquiera de los grupos (Cocina, bar, camarero, etc.), d\u00e9janos tus datos para que podamos tenerte en cuenta en pr\u00f3ximas selecciones de personal.<\/p>\n\n\n\n<p>Es importante que nos detalles tus habilidades, tu car\u00e1cter y tu experiencia en el sector de la hosteler\u00eda.<\/p>\n\n\n\n<p>Para hacernos llegar tu Curriculum, env\u00edanos un mensaje de correo electr\u00f3nico a la direcci\u00f3n&nbsp;<a href=\"mailto:empleo@restaurantelafontana.es?subject=Nombre_y_apellidos&amp;body=H\u00e1blanos%20un%20poco%20acerca%20de%20ti%20y%20adjunta%20tu%20Curriculum%20en%20formato%20PDF%20\u00f3%20MS-Word\">empleo@restaurantelafontana.es<\/a><\/p>\n","protected":false},"excerpt":{"rendered":"<p>En el Restaurante La Fontana queremos ofrecer la mejor experiencia a nuestros clientes en todo momento. Para lograrlo, necesitamos un equipo s\u00f3lido de personas comprometidas que est\u00e9n dispuestas a dar lo mejor de s\u00ed mismas. Si consideras que puedes integrarte en nuestro equipo, en cualquiera de los grupos (Cocina, bar, camarero, etc.), d\u00e9janos tus datos [&hellip;]<\/p>\n","protected":false},"author":1,"featured_media":0,"parent":0,"menu_order":0,"comment_status":"closed","ping_status":"closed","template":"","meta":{"footnotes":""},"class_list":["post-2846","page","type-page","status-publish","hentry"],"acf":[],"yoast_head":"<!-- This site is optimized with the Yoast SEO plugin v25.9 - https:\/\/yoast.com\/wordpress\/plugins\/seo\/ -->\n<title>Trabaja con nosotros - Restaurante La Fontana en J\u00e1vea<\/title>\n<meta name=\"robots\" content=\"index, follow, max-snippet:-1, max-image-preview:large, max-video-preview:-1\" \/>\n<link rel=\"canonical\" href=\"https:\/\/www.restaurantelafontana.es\/nl\/work\/\" \/>\n<meta property=\"og:locale\" content=\"nl_NL\" \/>\n<meta property=\"og:type\" content=\"article\" \/>\n<meta property=\"og:title\" content=\"Trabaja con nosotros - Restaurante La Fontana en J\u00e1vea\" \/>\n<meta property=\"og:description\" content=\"En el Restaurante La Fontana queremos ofrecer la mejor experiencia a nuestros clientes en todo momento. Para lograrlo, necesitamos un equipo s\u00f3lido de personas comprometidas que est\u00e9n dispuestas a dar lo mejor de s\u00ed mismas. Si consideras que puedes integrarte en nuestro equipo, en cualquiera de los grupos (Cocina, bar, camarero, etc.), d\u00e9janos tus datos [&hellip;]\" \/>\n<meta property=\"og:url\" content=\"https:\/\/www.restaurantelafontana.es\/nl\/work\/\" \/>\n<meta property=\"og:site_name\" content=\"Restaurante La Fontana en J\u00e1vea\" \/>\n<meta name=\"twitter:card\" content=\"summary_large_image\" \/>\n<meta name=\"twitter:label1\" content=\"Geschatte leestijd\" \/>\n\t<meta name=\"twitter:data1\" content=\"1 minuut\" \/>\n<script type=\"application\/ld+json\" class=\"yoast-schema-graph\">{\"@context\":\"https:\/\/schema.org\",\"@graph\":[{\"@type\":\"WebPage\",\"@id\":\"https:\/\/www.restaurantelafontana.es\/nl\/work\/\",\"url\":\"https:\/\/www.restaurantelafontana.es\/nl\/work\/\",\"name\":\"Trabaja con nosotros - Restaurante La Fontana en J\u00e1vea\",\"isPartOf\":{\"@id\":\"https:\/\/www.restaurantelafontana.es\/#website\"},\"datePublished\":\"2023-04-03T00:36:27+00:00\",\"breadcrumb\":{\"@id\":\"https:\/\/www.restaurantelafontana.es\/nl\/work\/#breadcrumb\"},\"inLanguage\":\"nl-NL\",\"potentialAction\":[{\"@type\":\"ReadAction\",\"target\":[\"https:\/\/www.restaurantelafontana.es\/nl\/work\/\"]}]},{\"@type\":\"BreadcrumbList\",\"@id\":\"https:\/\/www.restaurantelafontana.es\/nl\/work\/#breadcrumb\",\"itemListElement\":[{\"@type\":\"ListItem\",\"position\":1,\"name\":\"Portada\",\"item\":\"https:\/\/www.restaurantelafontana.es\/nl\/\"},{\"@type\":\"ListItem\",\"position\":2,\"name\":\"Trabaja con nosotros\"}]},{\"@type\":\"WebSite\",\"@id\":\"https:\/\/www.restaurantelafontana.es\/#website\",\"url\":\"https:\/\/www.restaurantelafontana.es\/\",\"name\":\"Restaurante La Fontana en J\u00e1vea\",\"description\":\"Especialidad en Paella, fideu\u00e0 y platos valencianos\",\"potentialAction\":[{\"@type\":\"SearchAction\",\"target\":{\"@type\":\"EntryPoint\",\"urlTemplate\":\"https:\/\/www.restaurantelafontana.es\/?s={search_term_string}\"},\"query-input\":{\"@type\":\"PropertyValueSpecification\",\"valueRequired\":true,\"valueName\":\"search_term_string\"}}],\"inLanguage\":\"nl-NL\"}]}<\/script>\n<!-- \/ Yoast SEO plugin. -->","yoast_head_json":{"title":"Trabaja con nosotros - Restaurante La Fontana en J\u00e1vea","robots":{"index":"index","follow":"follow","max-snippet":"max-snippet:-1","max-image-preview":"max-image-preview:large","max-video-preview":"max-video-preview:-1"},"canonical":"https:\/\/www.restaurantelafontana.es\/nl\/work\/","og_locale":"nl_NL","og_type":"article","og_title":"Trabaja con nosotros - Restaurante La Fontana en J\u00e1vea","og_description":"En el Restaurante La Fontana queremos ofrecer la mejor experiencia a nuestros clientes en todo momento. Para lograrlo, necesitamos un equipo s\u00f3lido de personas comprometidas que est\u00e9n dispuestas a dar lo mejor de s\u00ed mismas. Si consideras que puedes integrarte en nuestro equipo, en cualquiera de los grupos (Cocina, bar, camarero, etc.), d\u00e9janos tus datos [&hellip;]","og_url":"https:\/\/www.restaurantelafontana.es\/nl\/work\/","og_site_name":"Restaurante La Fontana en J\u00e1vea","twitter_card":"summary_large_image","twitter_misc":{"Geschatte leestijd":"1 minuut"},"schema":{"@context":"https:\/\/schema.org","@graph":[{"@type":"WebPage","@id":"https:\/\/www.restaurantelafontana.es\/nl\/work\/","url":"https:\/\/www.restaurantelafontana.es\/nl\/work\/","name":"Trabaja con nosotros - Restaurante La Fontana en J\u00e1vea","isPartOf":{"@id":"https:\/\/www.restaurantelafontana.es\/#website"},"datePublished":"2023-04-03T00:36:27+00:00","breadcrumb":{"@id":"https:\/\/www.restaurantelafontana.es\/nl\/work\/#breadcrumb"},"inLanguage":"nl-NL","potentialAction":[{"@type":"ReadAction","target":["https:\/\/www.restaurantelafontana.es\/nl\/work\/"]}]},{"@type":"BreadcrumbList","@id":"https:\/\/www.restaurantelafontana.es\/nl\/work\/#breadcrumb","itemListElement":[{"@type":"ListItem","position":1,"name":"Portada","item":"https:\/\/www.restaurantelafontana.es\/nl\/"},{"@type":"ListItem","position":2,"name":"Trabaja con nosotros"}]},{"@type":"WebSite","@id":"https:\/\/www.restaurantelafontana.es\/#website","url":"https:\/\/www.restaurantelafontana.es\/","name":"Restaurante La Fontana en J\u00e1vea","description":"Especialidad en Paella, fideu\u00e0 y platos valencianos","potentialAction":[{"@type":"SearchAction","target":{"@type":"EntryPoint","urlTemplate":"https:\/\/www.restaurantelafontana.es\/?s={search_term_string}"},"query-input":{"@type":"PropertyValueSpecification","valueRequired":true,"valueName":"search_term_string"}}],"inLanguage":"nl-NL"}]}},"_links":{"self":[{"href":"https:\/\/www.restaurantelafontana.es\/nl\/wp-json\/wp\/v2\/pages\/2846","targetHints":{"allow":["GET"]}}],"collection":[{"href":"https:\/\/www.restaurantelafontana.es\/nl\/wp-json\/wp\/v2\/pages"}],"about":[{"href":"https:\/\/www.restaurantelafontana.es\/nl\/wp-json\/wp\/v2\/types\/page"}],"author":[{"embeddable":true,"href":"https:\/\/www.restaurantelafontana.es\/nl\/wp-json\/wp\/v2\/users\/1"}],"replies":[{"embeddable":true,"href":"https:\/\/www.restaurantelafontana.es\/nl\/wp-json\/wp\/v2\/comments?post=2846"}],"version-history":[{"count":0,"href":"https:\/\/www.restaurantelafontana.es\/nl\/wp-json\/wp\/v2\/pages\/2846\/revisions"}],"wp:attachment":[{"href":"https:\/\/www.restaurantelafontana.es\/nl\/wp-json\/wp\/v2\/media?parent=2846"}],"curies":[{"name":"wp","href":"https:\/\/api.w.org\/{rel}","templated":true}]}}